{"id":34,"date":"2021-03-11T17:16:32","date_gmt":"2021-03-11T17:16:32","guid":{"rendered":"http:\/\/localhost\/circuit\/?page_id=34"},"modified":"2026-03-21T23:44:14","modified_gmt":"2026-03-21T22:44:14","slug":"about-us","status":"publish","type":"page","link":"https:\/\/circuit.black\/nl\/about-us\/","title":{"rendered":"About Us"},"content":{"rendered":"<p>Circuit.black werd in 2020 opgericht door drie ervaren IT-professionals die \u00e9\u00e9n overtuiging deelden: de zakelijke wereld verdiende beter. Betere adviezen, meer transparantie en oplossingen die daadwerkelijk bij de klant pasten in plaats van bij de leverancier.<\/p>\n\n\n\n<p>Samen brengt ons team meer dan 50 jaar praktische ervaring in enterprise IT-infrastructuur. Van complexe cloudmigraties en datacentertransformaties tot software-defined networking en end-to-end beveiligingsstrategie\u00ebn, we hebben alles gezien en opgelost. Onze consultants hebben in een breed scala aan industrie\u00ebn en omgevingen gewerkt, van middelgrote bedrijven tot grootschalige enterprise-implementaties in Belgi\u00eb en Europa.<\/p>\n\n\n\n<p>We.<\/p>\n\n\n\n<p>Onze kernwaarden zijn sinds dag \u00e9\u00e9n niet veranderd.<\/p>\n\n\n\n<p><strong>Vertrouwen.<\/strong> Wij zeggen wat we doen en doen wat we zeggen.<br><strong>Professionaliteit.<\/strong> Wij brengen seniorenexpertise in bij elke opdracht, ongeacht de projectgrootte.<br><strong>Eerlijkheid.<\/strong> We vertellen je wat je moet horen, niet wat je wilt horen.<\/p>\n\n\n\n<p>Of u nu uw infrastructuur wilt moderniseren, uw beveiligingsplan wilt versterken of een complexe IT-transformatie wilt doorlopen, Circuit.black is de partner die het voor elkaar krijgt.<\/p>\n\n\n\n<p><em>Neem gerust contact met ons op om te ontdekken wat Circuit.black kan betekenen voor uw organisatie.<\/em><\/p>","protected":false},"excerpt":{"rendered":"<p>Circuit.black is in 2020 opgericht door drie doorgewinterde IT-professionals die \u00e9\u00e9n overtuiging deelden: de ondernemingswereld verdient beter. Beter advies, betere transparantie en oplossingen die echt bij de klant passen in plaats van bij de leverancier. Samen brengt ons team meer dan 50 jaar hands-on ervaring in enterprise IT infrastructure. Van complexe cloud migraties en datacenter... <a class=\"more-link\" href=\"https:\/\/circuit.black\/nl\/about-us\/\">Continue reading <span class=\"screen-reader-text\">About Us<\/span><\/a><\/p>","protected":false},"author":5,"featured_media":0,"parent":0,"menu_order":0,"comment_status":"closed","ping_status":"closed","template":"page-services.php","meta":{"_acf_changed":false,"footnotes":""},"class_list":["post-34","page","type-page","status-publish","hentry","entry"],"acf":[],"_links":{"self":[{"href":"https:\/\/circuit.black\/nl\/wp-json\/wp\/v2\/pages\/34","targetHints":{"allow":["GET"]}}],"collection":[{"href":"https:\/\/circuit.black\/nl\/wp-json\/wp\/v2\/pages"}],"about":[{"href":"https:\/\/circuit.black\/nl\/wp-json\/wp\/v2\/types\/page"}],"author":[{"embeddable":true,"href":"https:\/\/circuit.black\/nl\/wp-json\/wp\/v2\/users\/5"}],"replies":[{"embeddable":true,"href":"https:\/\/circuit.black\/nl\/wp-json\/wp\/v2\/comments?post=34"}],"version-history":[{"count":6,"href":"https:\/\/circuit.black\/nl\/wp-json\/wp\/v2\/pages\/34\/revisions"}],"predecessor-version":[{"id":311,"href":"https:\/\/circuit.black\/nl\/wp-json\/wp\/v2\/pages\/34\/revisions\/311"}],"wp:attachment":[{"href":"https:\/\/circuit.black\/nl\/wp-json\/wp\/v2\/media?parent=34"}],"curies":[{"name":"wp","href":"https:\/\/api.w.org\/{rel}","templated":true}]}}