{"id":213,"date":"2021-05-27T14:03:31","date_gmt":"2021-05-27T14:03:31","guid":{"rendered":"https:\/\/circuit.black\/?page_id=213"},"modified":"2026-03-22T00:26:53","modified_gmt":"2026-03-21T23:26:53","slug":"security","status":"publish","type":"page","link":"https:\/\/circuit.black\/fr\/security\/","title":{"rendered":"Security"},"content":{"rendered":"<p>Cyber threats ne ralentissent pas. Chaque jour, les organisations sont confront\u00e9es \u00e0 de nouveaux risques, des attaques cibl\u00e9es aux violations de donn\u00e9es, en passant par les menaces internes et les d\u00e9faillances de conformit\u00e9. Un pare-feu et un antivirus ne suffisent plus. Une v\u00e9ritable security n\u00e9cessite une compr\u00e9hension approfondie de votre environnement, de vos flux de donn\u00e9es et de vos vuln\u00e9rabilit\u00e9s.<\/p>\n\n\n\n<p>Chez Circuit.black, nos sp\u00e9cialistes security adoptent une approche pragmatique. Nous commen\u00e7ons par une analyse approfondie de votre infrastructure, identifions les faiblesses et \u00e9laborons une strat\u00e9gie security sur mesure pour votre organisation et r\u00e9aliste \u00e0 maintenir. Circuit.black s'occupe de vous.<\/p>","protected":false},"excerpt":{"rendered":"<p>Cyber threats are not slowing down. Every day, organisations face new risks, from targeted attacks and data breaches to insider threats and compliance failures. A firewall and an antivirus scanner are no longer enough. Real security requires a thorough understanding of your environment, your data flows, and your vulnerabilities. At Circuit.black, our security specialists take&hellip; <a class=\"more-link\" href=\"https:\/\/circuit.black\/fr\/security\/\">Continuer la lecture <span class=\"screen-reader-text\">Security<\/span><\/a><\/p>","protected":false},"author":5,"featured_media":88,"parent":0,"menu_order":0,"comment_status":"closed","ping_status":"closed","template":"page-services.php","meta":{"_acf_changed":false,"footnotes":""},"class_list":["post-213","page","type-page","status-publish","has-post-thumbnail","hentry","entry"],"acf":[],"_links":{"self":[{"href":"https:\/\/circuit.black\/fr\/wp-json\/wp\/v2\/pages\/213","targetHints":{"allow":["GET"]}}],"collection":[{"href":"https:\/\/circuit.black\/fr\/wp-json\/wp\/v2\/pages"}],"about":[{"href":"https:\/\/circuit.black\/fr\/wp-json\/wp\/v2\/types\/page"}],"author":[{"embeddable":true,"href":"https:\/\/circuit.black\/fr\/wp-json\/wp\/v2\/users\/5"}],"replies":[{"embeddable":true,"href":"https:\/\/circuit.black\/fr\/wp-json\/wp\/v2\/comments?post=213"}],"version-history":[{"count":9,"href":"https:\/\/circuit.black\/fr\/wp-json\/wp\/v2\/pages\/213\/revisions"}],"predecessor-version":[{"id":306,"href":"https:\/\/circuit.black\/fr\/wp-json\/wp\/v2\/pages\/213\/revisions\/306"}],"wp:featuredmedia":[{"embeddable":true,"href":"https:\/\/circuit.black\/fr\/wp-json\/wp\/v2\/media\/88"}],"wp:attachment":[{"href":"https:\/\/circuit.black\/fr\/wp-json\/wp\/v2\/media?parent=213"}],"curies":[{"name":"wp","href":"https:\/\/api.w.org\/{rel}","templated":true}]}}