{"id":205,"date":"2021-05-27T13:56:21","date_gmt":"2021-05-27T13:56:21","guid":{"rendered":"https:\/\/circuit.black\/?page_id=205"},"modified":"2026-03-22T00:26:57","modified_gmt":"2026-03-21T23:26:57","slug":"software-defined-networking","status":"publish","type":"page","link":"https:\/\/circuit.black\/fr\/software-defined-networking\/","title":{"rendered":"Software Defined Networking"},"content":{"rendered":"<p>Les r\u00e9seaux ne sont plus seulement des c\u00e2bles et des commutateurs. Dans les environnements d'entreprise modernes, l'agilit\u00e9 et le contr\u00f4le central sont primordiaux. Le r\u00e9seau d\u00e9fini par logiciel (SDN) offre \u00e0 votre organisation exactement cela : une gestion de r\u00e9seau intelligente, software-driven plus rapide, plus flexible et plus facile \u00e0 maintenir.<\/p>\n\n\n\n<p>Nos experts en DevOps de Circuit.black vous aident \u00e0 concevoir et \u00e0 mettre en \u0153uvre des solutions SDN qui fonctionnent dans votre environnement, qu'il soit sur site, hybride ou enti\u00e8rement dans le cloud. Circuit.black s'occupe de vous.<\/p>","protected":false},"excerpt":{"rendered":"<p>Les r\u00e9seaux ne sont plus seulement des c\u00e2bles et des commutateurs. Dans les environnements d'entreprise modernes, l'agilit\u00e9 et le contr\u00f4le central sont primordiaux. Le r\u00e9seau d\u00e9fini par logiciel (SDN) offre \u00e0 votre organisation exactement cela : une gestion de r\u00e9seau intelligente, software-driven rapide, plus flexible et plus facile \u00e0 maintenir. Nos experts DevOps de Circuit.black vous aident \u00e0 concevoir et \u00e0 impl\u00e9menter des solutions SDN qui fonctionnent dans votre environnement,\u2026 <a class=\"more-link\" href=\"https:\/\/circuit.black\/fr\/software-defined-networking\/\">Continuer la lecture <span class=\"screen-reader-text\">Software Defined Networking<\/span><\/a><\/p>","protected":false},"author":5,"featured_media":87,"parent":0,"menu_order":0,"comment_status":"closed","ping_status":"closed","template":"page-services.php","meta":{"_acf_changed":false,"footnotes":""},"class_list":["post-205","page","type-page","status-publish","has-post-thumbnail","hentry","entry"],"acf":[],"_links":{"self":[{"href":"https:\/\/circuit.black\/fr\/wp-json\/wp\/v2\/pages\/205","targetHints":{"allow":["GET"]}}],"collection":[{"href":"https:\/\/circuit.black\/fr\/wp-json\/wp\/v2\/pages"}],"about":[{"href":"https:\/\/circuit.black\/fr\/wp-json\/wp\/v2\/types\/page"}],"author":[{"embeddable":true,"href":"https:\/\/circuit.black\/fr\/wp-json\/wp\/v2\/users\/5"}],"replies":[{"embeddable":true,"href":"https:\/\/circuit.black\/fr\/wp-json\/wp\/v2\/comments?post=205"}],"version-history":[{"count":10,"href":"https:\/\/circuit.black\/fr\/wp-json\/wp\/v2\/pages\/205\/revisions"}],"predecessor-version":[{"id":304,"href":"https:\/\/circuit.black\/fr\/wp-json\/wp\/v2\/pages\/205\/revisions\/304"}],"wp:featuredmedia":[{"embeddable":true,"href":"https:\/\/circuit.black\/fr\/wp-json\/wp\/v2\/media\/87"}],"wp:attachment":[{"href":"https:\/\/circuit.black\/fr\/wp-json\/wp\/v2\/media?parent=205"}],"curies":[{"name":"wp","href":"https:\/\/api.w.org\/{rel}","templated":true}]}}