{"id":197,"date":"2021-05-27T13:18:56","date_gmt":"2021-05-27T13:18:56","guid":{"rendered":"https:\/\/circuit.black\/?page_id=197"},"modified":"2026-03-21T23:23:53","modified_gmt":"2026-03-21T22:23:53","slug":"it-infrastructure","status":"publish","type":"page","link":"https:\/\/circuit.black\/fr\/it-infrastructure\/","title":{"rendered":"IT Infrastructure"},"content":{"rendered":"<p>Une IT infrastructuresolide est l'\u00e9pine dorsale de toute organisation. Sans les bonnes fondations, tout ce qui est construit dessus est en danger. Chez Circuit.black, nos consultants infrastructure apportent des d\u00e9cennies d'exp\u00e9rience en entreprise \u00e0 chaque projet, que vous g\u00e9riez un environnement traditionnel ou que vous vous orientiez vers un infrastructure d\u00e9fini par logiciel.<\/p>","protected":false},"excerpt":{"rendered":"<p>Une IT infrastructuresolide est l'\u00e9pine dorsale de toute organisation. Sans les bonnes fondations, tout ce qui est construit dessus est en danger. Chez Circuit.black, nos consultants infrastructure apportent des d\u00e9cennies d'exp\u00e9rience en entreprise \u00e0 chaque projet, que vous g\u00e9riez un environnement traditionnel ou que vous vous orientiez vers un infrastructure d\u00e9fini par logiciel.<\/p>","protected":false},"author":5,"featured_media":86,"parent":0,"menu_order":0,"comment_status":"closed","ping_status":"closed","template":"page-services.php","meta":{"_acf_changed":false,"footnotes":""},"class_list":["post-197","page","type-page","status-publish","has-post-thumbnail","hentry","entry"],"acf":[],"_links":{"self":[{"href":"https:\/\/circuit.black\/fr\/wp-json\/wp\/v2\/pages\/197","targetHints":{"allow":["GET"]}}],"collection":[{"href":"https:\/\/circuit.black\/fr\/wp-json\/wp\/v2\/pages"}],"about":[{"href":"https:\/\/circuit.black\/fr\/wp-json\/wp\/v2\/types\/page"}],"author":[{"embeddable":true,"href":"https:\/\/circuit.black\/fr\/wp-json\/wp\/v2\/users\/5"}],"replies":[{"embeddable":true,"href":"https:\/\/circuit.black\/fr\/wp-json\/wp\/v2\/comments?post=197"}],"version-history":[{"count":11,"href":"https:\/\/circuit.black\/fr\/wp-json\/wp\/v2\/pages\/197\/revisions"}],"predecessor-version":[{"id":303,"href":"https:\/\/circuit.black\/fr\/wp-json\/wp\/v2\/pages\/197\/revisions\/303"}],"wp:featuredmedia":[{"embeddable":true,"href":"https:\/\/circuit.black\/fr\/wp-json\/wp\/v2\/media\/86"}],"wp:attachment":[{"href":"https:\/\/circuit.black\/fr\/wp-json\/wp\/v2\/media?parent=197"}],"curies":[{"name":"wp","href":"https:\/\/api.w.org\/{rel}","templated":true}]}}