{"id":172,"date":"2021-05-19T06:51:02","date_gmt":"2021-05-19T06:51:02","guid":{"rendered":"https:\/\/circuit.black\/?page_id=172"},"modified":"2026-03-21T23:23:15","modified_gmt":"2026-03-21T22:23:15","slug":"cloud-data-center","status":"publish","type":"page","link":"https:\/\/circuit.black\/fr\/cloud-data-center\/","title":{"rendered":"Cloud &amp; Data Center"},"content":{"rendered":"<p>Que vous g\u00e9riez un centre de donn\u00e9es priv\u00e9, que vous passiez au cloud, ou que vous g\u00e9riez un environnement hybride, Circuit.black vous aide \u00e0 faire les bons choix. Nous suivons les derni\u00e8res technologies cloudtout en sachant quand les solutions \u00e9prouv\u00e9es et \u00e9tablies sont les plus adapt\u00e9es.<\/p>\n\n\n\n<p>Nos consultants seniors vous guident tout au long du parcours, de la planification strat\u00e9gique \u00e0 la mise en \u0153uvre pratique. Circuit.black s'occupe de tout.<\/p>","protected":false},"excerpt":{"rendered":"<p>Whether you are running a private data centre, moving to the cloud, or managing a hybrid environment, Circuit.black helps you make the right choices. We keep up with the latest cloud technologies while also knowing when proven, established solutions are the better fit. Our senior consultants guide you through the entire journey, from strategic planning&hellip; <a class=\"more-link\" href=\"https:\/\/circuit.black\/fr\/cloud-data-center\/\">Continuer la lecture <span class=\"screen-reader-text\">Cloud &amp; Data Center<\/span><\/a><\/p>","protected":false},"author":5,"featured_media":83,"parent":0,"menu_order":0,"comment_status":"closed","ping_status":"closed","template":"page-services.php","meta":{"_acf_changed":false,"footnotes":""},"class_list":["post-172","page","type-page","status-publish","has-post-thumbnail","hentry","entry"],"acf":[],"_links":{"self":[{"href":"https:\/\/circuit.black\/fr\/wp-json\/wp\/v2\/pages\/172","targetHints":{"allow":["GET"]}}],"collection":[{"href":"https:\/\/circuit.black\/fr\/wp-json\/wp\/v2\/pages"}],"about":[{"href":"https:\/\/circuit.black\/fr\/wp-json\/wp\/v2\/types\/page"}],"author":[{"embeddable":true,"href":"https:\/\/circuit.black\/fr\/wp-json\/wp\/v2\/users\/5"}],"replies":[{"embeddable":true,"href":"https:\/\/circuit.black\/fr\/wp-json\/wp\/v2\/comments?post=172"}],"version-history":[{"count":17,"href":"https:\/\/circuit.black\/fr\/wp-json\/wp\/v2\/pages\/172\/revisions"}],"predecessor-version":[{"id":302,"href":"https:\/\/circuit.black\/fr\/wp-json\/wp\/v2\/pages\/172\/revisions\/302"}],"wp:featuredmedia":[{"embeddable":true,"href":"https:\/\/circuit.black\/fr\/wp-json\/wp\/v2\/media\/83"}],"wp:attachment":[{"href":"https:\/\/circuit.black\/fr\/wp-json\/wp\/v2\/media?parent=172"}],"curies":[{"name":"wp","href":"https:\/\/api.w.org\/{rel}","templated":true}]}}